{"id":3184,"date":"2024-11-11T17:18:59","date_gmt":"2024-11-11T14:18:59","guid":{"rendered":"http:\/\/dermalina.be\/?page_id=3184"},"modified":"2026-04-02T14:57:44","modified_gmt":"2026-04-02T11:57:44","slug":"main-banner","status":"publish","type":"page","link":"https:\/\/dermalina.be\/fr\/main-banner\/","title":{"rendered":"main-banner"},"content":{"rendered":"<section class=\"block1\">\n<div class=\"container\">\n<div class=\"girl\"><\/div>\n<div class=\"right-flex\">\n<div class=\"right center\">\n<div class=\"b1-icon\"><img decoding=\"async\" src=\"\/wp-content\/themes\/dermalina\/assets\/img\/icon.jpg\" alt=\"\" \/><\/div>\n<div class=\"__36 up red mg20\">Nous vous aidons avec plaisir \u00e0 pr\u00e9server votre beaut\u00e9<\/div>\n<p><a class=\"btn mg100\" style=\"padding: 15px 30px; font-size: 18px; background-color: #c44864; color: white; border-radius: 20px; text-decoration: none; font-family: Arial, sans-serif; font-weight: normal;\" href=\"https:\/\/dermalina.be\/fr\/traitements\/\">Nos traitements<\/a><\/p>\n<\/div>\n<\/div>\n<\/div>\n<\/section>\n","protected":false},"excerpt":{"rendered":"<p>Nous vous aidons avec plaisir \u00e0 pr\u00e9server votre beaut\u00e9 Nos traitements<\/p>\n","protected":false},"author":1,"featured_media":0,"parent":0,"menu_order":0,"comment_status":"closed","ping_status":"closed","template":"","meta":{"footnotes":""},"class_list":["post-3184","page","type-page","status-publish","hentry"],"_links":{"self":[{"href":"https:\/\/dermalina.be\/fr\/wp-json\/wp\/v2\/pages\/3184","targetHints":{"allow":["GET"]}}],"collection":[{"href":"https:\/\/dermalina.be\/fr\/wp-json\/wp\/v2\/pages"}],"about":[{"href":"https:\/\/dermalina.be\/fr\/wp-json\/wp\/v2\/types\/page"}],"author":[{"embeddable":true,"href":"https:\/\/dermalina.be\/fr\/wp-json\/wp\/v2\/users\/1"}],"replies":[{"embeddable":true,"href":"https:\/\/dermalina.be\/fr\/wp-json\/wp\/v2\/comments?post=3184"}],"version-history":[{"count":6,"href":"https:\/\/dermalina.be\/fr\/wp-json\/wp\/v2\/pages\/3184\/revisions"}],"predecessor-version":[{"id":5537,"href":"https:\/\/dermalina.be\/fr\/wp-json\/wp\/v2\/pages\/3184\/revisions\/5537"}],"wp:attachment":[{"href":"https:\/\/dermalina.be\/fr\/wp-json\/wp\/v2\/media?parent=3184"}],"curies":[{"name":"wp","href":"https:\/\/api.w.org\/{rel}","templated":true}]}}