{"id":3188,"date":"2024-11-11T17:19:25","date_gmt":"2024-11-11T14:19:25","guid":{"rendered":"http:\/\/dermalina.be\/?page_id=3188"},"modified":"2024-11-11T17:19:26","modified_gmt":"2024-11-11T14:19:26","slug":"main-comments","status":"publish","type":"page","link":"https:\/\/dermalina.be\/fr\/main-comments\/","title":{"rendered":"main-comments"},"content":{"rendered":"<section class=\"block6\">\n<div class=\"container\">\n<div class=\"center\">\n<div class=\"h red __30 up __with-line\">Avis sur DermAlina<\/div>\n<div class=\"review\">\n<div class=\"review-i\">\n<div class=\"review-i-img\"><img loading=\"lazy\" decoding=\"async\" class=\"size-full wp-image-640 alignleft\" src=\"http:\/\/dermalina.be\/wp-content\/uploads\/2017\/03\/otzq1.png\" alt=\"\" width=\"163\" height=\"163\" srcset=\"https:\/\/dermalina.be\/wp-content\/uploads\/2017\/03\/otzq1.png 163w, https:\/\/dermalina.be\/wp-content\/uploads\/2017\/03\/otzq1-150x150.png 150w, https:\/\/dermalina.be\/wp-content\/uploads\/2017\/03\/otzq1-100x100.png 100w\" sizes=\"auto, (max-width: 163px) 100vw, 163px\" \/><\/div>\n<div class=\"review-i-tx __24\">\n<div><\/div>\n<div><\/div>\n<div><\/div>\n<div><\/div>\n<div><\/div>\n<div><\/div>\n<div><\/div>\n<div><\/div>\n<div class=\"review-i-head mg35 red\">\n<div class=\"review-i-name mg35\">Cela fait quelques ann\u00e9es que je suis cliente chez DermAlina. En plus du fait que ma peau s&rsquo;am\u00e9liore toujours apr\u00e8s un soin, j&rsquo;appr\u00e9cie \u00e9galement le fait qu&rsquo;il y ait toujours de nouveaux produits et traitements propos\u00e9s. Alina ma\u00eetrise son m\u00e9tier et reste toujours bien inform\u00e9e sur toutes les nouvelles \u00e9volutions. SUPER !<\/div>\n<\/div>\n<div class=\"review-i-name mg35\">Catharine De Graeve<\/div>\n<\/div>\n<\/div>\n<div class=\"review-i\">\n<div class=\"review-i-img\"><img loading=\"lazy\" decoding=\"async\" class=\"size-full wp-image-649 alignleft\" src=\"http:\/\/dermalina.be\/wp-content\/uploads\/2017\/03\/otz2.png\" alt=\"\" width=\"163\" height=\"163\" srcset=\"https:\/\/dermalina.be\/wp-content\/uploads\/2017\/03\/otz2.png 163w, https:\/\/dermalina.be\/wp-content\/uploads\/2017\/03\/otz2-150x150.png 150w, https:\/\/dermalina.be\/wp-content\/uploads\/2017\/03\/otz2-100x100.png 100w\" sizes=\"auto, (max-width: 163px) 100vw, 163px\" \/><\/div>\n<div class=\"review-i-tx __24\">\n<div><\/div>\n<div><\/div>\n<div><\/div>\n<div><\/div>\n<div><\/div>\n<div><\/div>\n<div><\/div>\n<div><\/div>\n<div class=\"review-i-head mg35 red\">Je confie mon visage uniquement \u00e0 Alina, car mon visage doit toujours \u00eatre parfait et rester parfait. Je suis une personne publique qui travaille beaucoup avec des femmes.<br \/>\nTous les soins sont adapt\u00e9s personnellement selon l&rsquo;\u00e2ge et les besoins individuels. Tous les produits et \u00e9quipements sont ultramodernes et de la meilleure qualit\u00e9. DermAlina = qualit\u00e9, r\u00e9putation, personnalit\u00e9 et bien s\u00fbr, les meilleurs r\u00e9sultats.<\/div>\n<div class=\"review-i-name mg35\">Lana Shi<\/div>\n<\/div>\n<\/div>\n<div class=\"review-i\">\n<div class=\"review-i-img\"><img loading=\"lazy\" decoding=\"async\" class=\"size-full wp-image-648 alignleft\" src=\"http:\/\/dermalina.be\/wp-content\/uploads\/2017\/03\/otz3.png\" alt=\"\" width=\"163\" height=\"163\" srcset=\"https:\/\/dermalina.be\/wp-content\/uploads\/2017\/03\/otz3.png 163w, https:\/\/dermalina.be\/wp-content\/uploads\/2017\/03\/otz3-150x150.png 150w, https:\/\/dermalina.be\/wp-content\/uploads\/2017\/03\/otz3-100x100.png 100w\" sizes=\"auto, (max-width: 163px) 100vw, 163px\" \/><\/div>\n<div class=\"review-i-tx __24\">\n<div><\/div>\n<div><\/div>\n<div><\/div>\n<div><\/div>\n<div><\/div>\n<div><\/div>\n<div><\/div>\n<div><\/div>\n<div class=\"review-i-head mg35 red\">DermAlina, sp\u00e9cialiste en soins de la peau et am\u00e9lioration de la peau. Cela fait 4 ans que je suis sa cliente et je n&rsquo;ai jamais \u00e9t\u00e9 d\u00e9\u00e7ue. Je re\u00e7ois toujours des explications claires et compl\u00e8tes ainsi que de bons conseils pour les soins \u00e0 domicile. Donc, si vous voulez un visage radieux avec des r\u00e9sultats garantis, DERMALINA est l&rsquo;endroit id\u00e9al.<\/div>\n<div class=\"review-i-name mg35\">Natalie Danieli<\/div>\n<\/div>\n<\/div>\n<\/div>\n<\/div>\n<\/div>\n<\/section>\n","protected":false},"excerpt":{"rendered":"<p>Avis sur DermAlina Cela fait quelques ann\u00e9es que je suis cliente chez DermAlina. En plus du fait que ma peau s&rsquo;am\u00e9liore toujours apr\u00e8s un soin, j&rsquo;appr\u00e9cie \u00e9galement le fait qu&rsquo;il y ait toujours de nouveaux produits et traitements propos\u00e9s. Alina ma\u00eetrise son m\u00e9tier et reste toujours bien inform\u00e9e sur toutes les nouvelles \u00e9volutions. SUPER ! [&hellip;]<\/p>\n","protected":false},"author":1,"featured_media":0,"parent":0,"menu_order":0,"comment_status":"closed","ping_status":"closed","template":"","meta":{"footnotes":""},"class_list":["post-3188","page","type-page","status-publish","hentry"],"_links":{"self":[{"href":"https:\/\/dermalina.be\/fr\/wp-json\/wp\/v2\/pages\/3188","targetHints":{"allow":["GET"]}}],"collection":[{"href":"https:\/\/dermalina.be\/fr\/wp-json\/wp\/v2\/pages"}],"about":[{"href":"https:\/\/dermalina.be\/fr\/wp-json\/wp\/v2\/types\/page"}],"author":[{"embeddable":true,"href":"https:\/\/dermalina.be\/fr\/wp-json\/wp\/v2\/users\/1"}],"replies":[{"embeddable":true,"href":"https:\/\/dermalina.be\/fr\/wp-json\/wp\/v2\/comments?post=3188"}],"version-history":[{"count":1,"href":"https:\/\/dermalina.be\/fr\/wp-json\/wp\/v2\/pages\/3188\/revisions"}],"predecessor-version":[{"id":3189,"href":"https:\/\/dermalina.be\/fr\/wp-json\/wp\/v2\/pages\/3188\/revisions\/3189"}],"wp:attachment":[{"href":"https:\/\/dermalina.be\/fr\/wp-json\/wp\/v2\/media?parent=3188"}],"curies":[{"name":"wp","href":"https:\/\/api.w.org\/{rel}","templated":true}]}}